{"id":3,"date":"2025-10-19T22:33:55","date_gmt":"2025-10-19T22:33:55","guid":{"rendered":"https:\/\/slimtrim.se\/?page_id=3"},"modified":"2025-11-17T17:27:41","modified_gmt":"2025-11-17T17:27:41","slug":"sekretesspolicy","status":"publish","type":"page","link":"https:\/\/slimtrim.se\/en\/sekretesspolicy\/","title":{"rendered":"Privacy Policy"},"content":{"rendered":"<div data-elementor-type=\"wp-page\" data-elementor-id=\"3\" class=\"elementor elementor-3\">\n\t\t\t\t<div class=\"wd-negative-gap elementor-element elementor-element-1102e5df e-flex e-con-boxed e-con e-parent\" data-id=\"1102e5df\" data-element_type=\"container\">\n\t\t\t\t\t<div class=\"e-con-inner\">\n\t\t\t\t<div class=\"elementor-element elementor-element-6fecc1fe color-scheme-inherit text-left elementor-widget elementor-widget-text-editor\" data-id=\"6fecc1fe\" data-element_type=\"widget\" data-widget_type=\"text-editor.default\">\n\t\t\t\t\t\t\t\t\t<h2>Integritetspolicy<\/h2>\n<p>V\u00e5r webbplatsadress \u00e4r: <a href=\"http:\/\/slimtrim.se\/en\/\" target=\"_blank\">http:\/\/slimtrim.se<\/a>.<\/p>\n\n<h3>Kommentarer<\/h3>\n<p>N\u00e4r bes\u00f6kare l\u00e4mnar kommentarer p\u00e5 webbplatsen samlar vi in de uppgifter som visas i kommentarsformul\u00e4ret, samt bes\u00f6karens IP-adress och webbl\u00e4sarens anv\u00e4ndaragentstr\u00e4ng f\u00f6r att uppt\u00e4cka skr\u00e4ppost.<\/p>\n<p>En anonymiserad str\u00e4ng skapad fr\u00e5n din e-postadress (kallas en hash) kan tillhandah\u00e5llas till Gravatar-tj\u00e4nsten f\u00f6r att se om du anv\u00e4nder den. Gravatars integritetspolicy finns h\u00e4r: \n<a href=\"https:\/\/automattic.com\/privacy\/\" target=\"_blank\">https:\/\/automattic.com\/privacy\/<\/a>. Efter godk\u00e4nnande av din kommentar blir din profilbild synlig f\u00f6r allm\u00e4nheten i samband med kommentaren.<\/p>\n\n<h3>Media<\/h3>\n<p>Om du laddar upp bilder till webbplatsen b\u00f6r du undvika att ladda upp bilder som inneh\u00e5ller inb\u00e4ddad platsdata (EXIF GPS). Bes\u00f6kare p\u00e5 webbplatsen kan ladda ner och extrahera platsdata fr\u00e5n bilder.<\/p>\n\n<h3>Cookies<\/h3>\n<p>Om du l\u00e4mnar en kommentar p\u00e5 v\u00e5r webbplats kan du v\u00e4lja att spara ditt namn, din e-postadress och din webbplats i cookies. Dessa anv\u00e4nds f\u00f6r din bekv\u00e4mlighet s\u00e5 att du inte beh\u00f6ver fylla i dina uppgifter igen n\u00e4sta g\u00e5ng du kommenterar. Dessa cookies sparas i ett \u00e5r.<\/p>\n<p>Om du bes\u00f6ker v\u00e5r inloggningssida skapas en tillf\u00e4llig cookie f\u00f6r att kontrollera om din webbl\u00e4sare accepterar cookies. Den inneh\u00e5ller ingen personlig data och tas bort n\u00e4r du st\u00e4nger webbl\u00e4saren.<\/p>\n<p>N\u00e4r du loggar in sparas cookies som lagrar din inloggningsinformation och sk\u00e4rminst\u00e4llningar. Inloggningscookies sparas i tv\u00e5 dagar och sk\u00e4rminst\u00e4llningscookies i ett \u00e5r. Om du v\u00e4ljer \u201cKom ih\u00e5g mig\u201d sparas inloggningen i tv\u00e5 veckor. Om du loggar ut tas dessa cookies bort.<\/p>\n<p>Om du redigerar eller publicerar en artikel sparas en extra cookie i din webbl\u00e4sare. Den inneh\u00e5ller ingen personlig data utan anger endast ID-numret f\u00f6r den artikel du just redigerade. Den upph\u00f6r att g\u00e4lla efter en dag.<\/p>\n\n<h3>Inb\u00e4ddat inneh\u00e5ll fr\u00e5n andra webbplatser<\/h3>\n<p>Artiklar p\u00e5 denna webbplats kan inneh\u00e5lla inb\u00e4ddat inneh\u00e5ll (t.ex. videor, bilder, artiklar, etc.). Inb\u00e4ddat inneh\u00e5ll fr\u00e5n andra webbplatser beter sig p\u00e5 exakt samma s\u00e4tt som om bes\u00f6karen hade bes\u00f6kt den andra webbplatsen direkt.<\/p>\n<p>Dessa webbplatser kan samla in data om dig, anv\u00e4nda cookies, b\u00e4dda in ytterligare sp\u00e5rning fr\u00e5n tredje part och \u00f6vervaka din interaktion med det inb\u00e4ddade inneh\u00e5llet \u2013 inklusive om du har ett konto och \u00e4r inloggad p\u00e5 den webbplatsen.<\/p>\n\n<h3>Vem vi delar dina data med<\/h3>\n<p>Om du beg\u00e4r en \u00e5terst\u00e4llning av l\u00f6senord kommer din IP-adress att inkluderas i e-postmeddelandet f\u00f6r \u00e5terst\u00e4llning.<\/p>\n\n<h3>Hur l\u00e4nge vi beh\u00e5ller dina data<\/h3>\n<p>Om du l\u00e4mnar en kommentar sparas kommentaren och dess metadata p\u00e5 obest\u00e4md tid. Detta f\u00f6r att vi ska kunna k\u00e4nna igen och godk\u00e4nna uppf\u00f6ljningskommentarer automatiskt ist\u00e4llet f\u00f6r att h\u00e5lla dem i modereringsk\u00f6.<\/p>\n<p>F\u00f6r anv\u00e4ndare som registrerar sig p\u00e5 v\u00e5r webbplats (om till\u00e4mpligt) lagrar vi den personliga information de anger i sin anv\u00e4ndarprofil. Alla anv\u00e4ndare kan se, redigera eller radera sin personliga information n\u00e4r som helst (utom sitt anv\u00e4ndarnamn). Webbplatsadministrat\u00f6rer kan ocks\u00e5 se och redigera den informationen.<\/p>\n\n<h3>Dina r\u00e4ttigheter<\/h3>\n<p>Om du har ett konto p\u00e5 denna webbplats eller har l\u00e4mnat kommentarer kan du beg\u00e4ra att f\u00e5 en exporterad fil med den personliga data vi har om dig, inklusive all data du har l\u00e4mnat till oss. Du kan \u00e4ven beg\u00e4ra att vi raderar all personlig data vi har om dig. Detta inkluderar inte data vi \u00e4r skyldiga att beh\u00e5lla av administrativa, juridiska eller s\u00e4kerhetsm\u00e4ssiga sk\u00e4l.<\/p>\n\n<h3>Vart dina data skickas<\/h3>\n<p>Bes\u00f6kares kommentarer kan kontrolleras via en automatiserad tj\u00e4nst f\u00f6r uppt\u00e4ckt av skr\u00e4ppost.<\/p>\n\n<h3>Kontaktinformation<\/h3>\n<p>Om du har fr\u00e5gor om denna integritetspolicy, kontakta oss via e-post: \n<a href=\"mailto:slimtrim@countermail.com\">slimtrim@countermail.com<\/a><\/p>\n\t\t\t\t\t\t\t\t<\/div>\n\t\t\t\t\t<\/div>\n\t\t\t\t<\/div>\n\t\t\t\t<\/div>","protected":false},"excerpt":{"rendered":"<p>Integritetspolicy V\u00e5r webbplatsadress \u00e4r: http:\/\/slimtrim.se. Kommentarer N\u00e4r bes\u00f6kare l\u00e4mnar kommentarer p\u00e5 webbplatsen samlar vi in de uppgifter som visas i<\/p>","protected":false},"author":2,"featured_media":0,"parent":0,"menu_order":0,"comment_status":"closed","ping_status":"closed","template":"","meta":{"footnotes":""},"class_list":["post-3","page","type-page","status-publish","hentry"],"yoast_head":"<!-- This site is optimized with the Yoast SEO plugin v26.4 - https:\/\/yoast.com\/wordpress\/plugins\/seo\/ -->\n<title>Sekretesspolicy - Slim Trim<\/title>\n<meta name=\"robots\" content=\"noindex, follow\" \/>\n<meta property=\"og:locale\" content=\"en_US\" \/>\n<meta property=\"og:type\" content=\"article\" \/>\n<meta property=\"og:title\" content=\"Sekretesspolicy - Slim Trim\" \/>\n<meta property=\"og:description\" content=\"Integritetspolicy V\u00e5r webbplatsadress \u00e4r: http:\/\/slimtrim.se. Kommentarer N\u00e4r bes\u00f6kare l\u00e4mnar kommentarer p\u00e5 webbplatsen samlar vi in de uppgifter som visas i\" \/>\n<meta property=\"og:url\" content=\"https:\/\/slimtrim.se\/en\/sekretesspolicy\/\" \/>\n<meta property=\"og:site_name\" content=\"Slim Trim\" \/>\n<meta property=\"article:modified_time\" content=\"2025-11-17T17:27:41+00:00\" \/>\n<meta property=\"og:image\" content=\"https:\/\/slimtrim.se\/wp-content\/uploads\/2025\/10\/Site-icon.webp\" \/>\n\t<meta property=\"og:image:width\" content=\"512\" \/>\n\t<meta property=\"og:image:height\" content=\"512\" \/>\n\t<meta property=\"og:image:type\" content=\"image\/webp\" \/>\n<meta name=\"twitter:card\" content=\"summary_large_image\" \/>\n<meta name=\"twitter:label1\" content=\"Est. reading time\" \/>\n\t<meta name=\"twitter:data1\" content=\"3 minutes\" \/>\n<script type=\"application\/ld+json\" class=\"yoast-schema-graph\">{\"@context\":\"https:\/\/schema.org\",\"@graph\":[{\"@type\":\"WebPage\",\"@id\":\"https:\/\/slimtrim.se\/sekretesspolicy\/\",\"url\":\"https:\/\/slimtrim.se\/sekretesspolicy\/\",\"name\":\"Sekretesspolicy - Slim Trim\",\"isPartOf\":{\"@id\":\"https:\/\/slimtrim.se\/#website\"},\"datePublished\":\"2025-10-19T22:33:55+00:00\",\"dateModified\":\"2025-11-17T17:27:41+00:00\",\"breadcrumb\":{\"@id\":\"https:\/\/slimtrim.se\/sekretesspolicy\/#breadcrumb\"},\"inLanguage\":\"en-US\",\"potentialAction\":[{\"@type\":\"ReadAction\",\"target\":[\"https:\/\/slimtrim.se\/sekretesspolicy\/\"]}]},{\"@type\":\"BreadcrumbList\",\"@id\":\"https:\/\/slimtrim.se\/sekretesspolicy\/#breadcrumb\",\"itemListElement\":[{\"@type\":\"ListItem\",\"position\":1,\"name\":\"Home\",\"item\":\"https:\/\/slimtrim.se\/\"},{\"@type\":\"ListItem\",\"position\":2,\"name\":\"Sekretesspolicy\"}]},{\"@type\":\"WebSite\",\"@id\":\"https:\/\/slimtrim.se\/#website\",\"url\":\"https:\/\/slimtrim.se\/\",\"name\":\"Slim Trim\",\"description\":\"\",\"potentialAction\":[{\"@type\":\"SearchAction\",\"target\":{\"@type\":\"EntryPoint\",\"urlTemplate\":\"https:\/\/slimtrim.se\/?s={search_term_string}\"},\"query-input\":{\"@type\":\"PropertyValueSpecification\",\"valueRequired\":true,\"valueName\":\"search_term_string\"}}],\"inLanguage\":\"en-US\"}]}<\/script>\n<!-- \/ Yoast SEO plugin. -->","yoast_head_json":{"title":"Sekretesspolicy - Slim Trim","robots":{"index":"noindex","follow":"follow"},"og_locale":"en_US","og_type":"article","og_title":"Sekretesspolicy - Slim Trim","og_description":"Integritetspolicy V\u00e5r webbplatsadress \u00e4r: http:\/\/slimtrim.se. Kommentarer N\u00e4r bes\u00f6kare l\u00e4mnar kommentarer p\u00e5 webbplatsen samlar vi in de uppgifter som visas i","og_url":"https:\/\/slimtrim.se\/en\/sekretesspolicy\/","og_site_name":"Slim Trim","article_modified_time":"2025-11-17T17:27:41+00:00","og_image":[{"width":512,"height":512,"url":"https:\/\/slimtrim.se\/wp-content\/uploads\/2025\/10\/Site-icon.webp","type":"image\/webp"}],"twitter_card":"summary_large_image","twitter_misc":{"Est. reading time":"3 minutes"},"schema":{"@context":"https:\/\/schema.org","@graph":[{"@type":"WebPage","@id":"https:\/\/slimtrim.se\/sekretesspolicy\/","url":"https:\/\/slimtrim.se\/sekretesspolicy\/","name":"Sekretesspolicy - Slim Trim","isPartOf":{"@id":"https:\/\/slimtrim.se\/#website"},"datePublished":"2025-10-19T22:33:55+00:00","dateModified":"2025-11-17T17:27:41+00:00","breadcrumb":{"@id":"https:\/\/slimtrim.se\/sekretesspolicy\/#breadcrumb"},"inLanguage":"en-US","potentialAction":[{"@type":"ReadAction","target":["https:\/\/slimtrim.se\/sekretesspolicy\/"]}]},{"@type":"BreadcrumbList","@id":"https:\/\/slimtrim.se\/sekretesspolicy\/#breadcrumb","itemListElement":[{"@type":"ListItem","position":1,"name":"Home","item":"https:\/\/slimtrim.se\/"},{"@type":"ListItem","position":2,"name":"Sekretesspolicy"}]},{"@type":"WebSite","@id":"https:\/\/slimtrim.se\/#website","url":"https:\/\/slimtrim.se\/","name":"Slim Trim","description":"","potentialAction":[{"@type":"SearchAction","target":{"@type":"EntryPoint","urlTemplate":"https:\/\/slimtrim.se\/?s={search_term_string}"},"query-input":{"@type":"PropertyValueSpecification","valueRequired":true,"valueName":"search_term_string"}}],"inLanguage":"en-US"}]}},"_hostinger_reach_plugin_has_subscription_block":false,"_hostinger_reach_plugin_is_elementor":false,"_links":{"self":[{"href":"https:\/\/slimtrim.se\/en\/wp-json\/wp\/v2\/pages\/3","targetHints":{"allow":["GET"]}}],"collection":[{"href":"https:\/\/slimtrim.se\/en\/wp-json\/wp\/v2\/pages"}],"about":[{"href":"https:\/\/slimtrim.se\/en\/wp-json\/wp\/v2\/types\/page"}],"author":[{"embeddable":true,"href":"https:\/\/slimtrim.se\/en\/wp-json\/wp\/v2\/users\/2"}],"replies":[{"embeddable":true,"href":"https:\/\/slimtrim.se\/en\/wp-json\/wp\/v2\/comments?post=3"}],"version-history":[{"count":8,"href":"https:\/\/slimtrim.se\/en\/wp-json\/wp\/v2\/pages\/3\/revisions"}],"predecessor-version":[{"id":1233,"href":"https:\/\/slimtrim.se\/en\/wp-json\/wp\/v2\/pages\/3\/revisions\/1233"}],"wp:attachment":[{"href":"https:\/\/slimtrim.se\/en\/wp-json\/wp\/v2\/media?parent=3"}],"curies":[{"name":"wp","href":"https:\/\/api.w.org\/{rel}","templated":true}]}}