{"id":17,"date":"2024-03-22T12:32:21","date_gmt":"2024-03-22T12:32:21","guid":{"rendered":"https:\/\/dummy.xtemos.com\/woodmart2\/pills-elementor\/?page_id=17"},"modified":"2025-11-17T17:42:54","modified_gmt":"2025-11-17T17:42:54","slug":"kundservice","status":"publish","type":"page","link":"https:\/\/slimtrim.se\/en\/kundservice\/","title":{"rendered":"Customer service"},"content":{"rendered":"<div data-elementor-type=\"wp-page\" data-elementor-id=\"17\" class=\"elementor elementor-17\">\n\t\t\t\t<div class=\"wd-negative-gap elementor-element elementor-element-df6c0d8 e-flex e-con-boxed e-con e-parent\" data-id=\"df6c0d8\" data-element_type=\"container\">\n\t\t\t\t\t<div class=\"e-con-inner\">\n\t\t<div class=\"elementor-element elementor-element-8bd6765 e-con-full e-flex e-con e-child\" data-id=\"8bd6765\" data-element_type=\"container\">\n\t\t\t\t<div class=\"elementor-element elementor-element-919be63 wd-width-100 elementor-widget elementor-widget-wd_title\" data-id=\"919be63\" data-element_type=\"widget\" data-widget_type=\"wd_title.default\">\n\t\t\t\t<div class=\"elementor-widget-container\">\n\t\t\t\t\t\t\t<div class=\"title-wrapper wd-set-mb reset-last-child wd-title-color-default wd-title-style-default wd-title-size-medium text-left\">\n\n\t\t\t\n\t\t\t<div class=\"liner-continer\">\n\t\t\t\t<h4 class=\"woodmart-title-container title wd-fontsize-xl\">Address<\/h4> \n\t\t\t\t\t\t\t<\/div>\n\n\t\t\t\t\t<\/div>\n\t\t\t\t\t\t<\/div>\n\t\t\t\t<\/div>\n\t\t\t\t<div class=\"elementor-element elementor-element-cc4c471 elementor-widget elementor-widget-wd_text_block\" data-id=\"cc4c471\" data-element_type=\"widget\" data-widget_type=\"wd_text_block.default\">\n\t\t\t\t<div class=\"elementor-widget-container\">\n\t\t\t\t\t\t\t<div class=\"wd-text-block reset-last-child text-left\">\n\t\t\t\n\t\t\t<div id=\"wd-64f1d2c731fca\" class=\"wd-text-block wd-wpb reset-last-child wd-rs-64f1d2c731fca text-left\"><p class=\"p1\">We respond to orders and inquiries Monday through Friday from 9 a.m. to 6 p.m. within one hour, as well as<\/p><p class=\"p1\">outside these hours.<\/p><p class=\"p1\">Even on weekends, we usually respond to orders and inquiries within 1-2 hours.<\/p><\/div>\n\t\t\t\t\t<\/div>\n\t\t\t\t\t\t<\/div>\n\t\t\t\t<\/div>\n\t\t<div class=\"elementor-element elementor-element-9166bcc e-con-full e-flex e-con e-child\" data-id=\"9166bcc\" data-element_type=\"container\">\n\t\t<div class=\"elementor-element elementor-element-4c3045c e-con-full e-flex e-con e-child\" data-id=\"4c3045c\" data-element_type=\"container\">\n\t\t\t\t<div class=\"elementor-element elementor-element-8d8e7a6 wd-width-100 elementor-widget elementor-widget-wd_title\" data-id=\"8d8e7a6\" data-element_type=\"widget\" data-widget_type=\"wd_title.default\">\n\t\t\t\t<div class=\"elementor-widget-container\">\n\t\t\t\t\t\t\t<div class=\"title-wrapper wd-set-mb reset-last-child wd-title-color-default wd-title-style-default wd-title-size-medium text-left\">\n\n\t\t\t\n\t\t\t<div class=\"liner-continer\">\n\t\t\t\t<h4 class=\"woodmart-title-container title wd-fontsize-xl\">Email<\/h4> \n\t\t\t\t\t\t\t<\/div>\n\n\t\t\t\t\t<\/div>\n\t\t\t\t\t\t<\/div>\n\t\t\t\t<\/div>\n\t\t\t\t<div class=\"elementor-element elementor-element-68ac5b5 elementor-widget elementor-widget-wd_text_block\" data-id=\"68ac5b5\" data-element_type=\"widget\" data-widget_type=\"wd_text_block.default\">\n\t\t\t\t<div class=\"elementor-widget-container\">\n\t\t\t\t\t\t\t<div class=\"wd-text-block reset-last-child text-left color-title\">\n\t\t\t\n\t\t\t<p class=\"p1\"><a href=\"mailto:slimtrim@countermail.com\">slimtrim@countermail.com<\/a><\/p>\n\t\t\t\t\t<\/div>\n\t\t\t\t\t\t<\/div>\n\t\t\t\t<\/div>\n\t\t\t\t<\/div>\n\t\t\t\t<\/div>\n\t\t\t\t<\/div>\n\t\t<div class=\"elementor-element elementor-element-ac881df e-con-full e-flex e-con e-child\" data-id=\"ac881df\" data-element_type=\"container\">\n\t\t\t\t<div class=\"elementor-element elementor-element-f83db16 elementor-widget elementor-widget-image\" data-id=\"f83db16\" data-element_type=\"widget\" data-widget_type=\"image.default\">\n\t\t\t\t\t\t\t\t\t\t\t\t\t\t\t<img fetchpriority=\"high\" decoding=\"async\" width=\"601\" height=\"602\" src=\"https:\/\/slimtrim.se\/wp-content\/uploads\/2025\/11\/weight-loss.webp\" class=\"attachment-large size-large wp-image-1418\" alt=\"viktminskning\" srcset=\"https:\/\/slimtrim.se\/wp-content\/uploads\/2025\/11\/weight-loss.webp 601w, https:\/\/slimtrim.se\/wp-content\/uploads\/2025\/11\/weight-loss-300x300.webp 300w, https:\/\/slimtrim.se\/wp-content\/uploads\/2025\/11\/weight-loss-150x150.webp 150w, https:\/\/slimtrim.se\/wp-content\/uploads\/2025\/11\/weight-loss-12x12.webp 12w, https:\/\/slimtrim.se\/wp-content\/uploads\/2025\/11\/weight-loss-600x600.webp 600w\" sizes=\"(max-width: 601px) 100vw, 601px\" \/>\t\t\t\t\t\t\t\t\t\t\t\t\t\t\t<\/div>\n\t\t\t\t<\/div>\n\t\t\t\t\t<\/div>\n\t\t\t\t<\/div>\n\t\t\t\t<\/div>","protected":false},"excerpt":{"rendered":"<p>Adress Vi besvarar orders och f\u00f6rfr\u00e5gningar m\u00e5ndag till fredag 09-18 inom 1 timme, samt \u00e4ven ut\u00f6ver dessa tider. \u00c4ven under<\/p>","protected":false},"author":2,"featured_media":0,"parent":0,"menu_order":0,"comment_status":"closed","ping_status":"closed","template":"","meta":{"footnotes":""},"class_list":["post-17","page","type-page","status-publish","hentry"],"yoast_head":"<!-- This site is optimized with the Yoast SEO plugin v26.4 - https:\/\/yoast.com\/wordpress\/plugins\/seo\/ -->\n<title>Kundservice - Slim Trim<\/title>\n<meta name=\"description\" content=\"Beh\u00f6ver du support? Slimtrim\u00ae Kundservice erbjuder snabb och p\u00e5litlig hj\u00e4lp kring viktminskningsprodukter, leverans och fakturor.\" \/>\n<meta name=\"robots\" content=\"index, follow, max-snippet:-1, max-image-preview:large, max-video-preview:-1\" \/>\n<link rel=\"canonical\" href=\"https:\/\/slimtrim.se\/en\/kundservice\/\" \/>\n<meta property=\"og:locale\" content=\"en_US\" \/>\n<meta property=\"og:type\" content=\"article\" \/>\n<meta property=\"og:title\" content=\"Kundservice - Slim Trim\" \/>\n<meta property=\"og:description\" content=\"Beh\u00f6ver du support? Slimtrim\u00ae Kundservice erbjuder snabb och p\u00e5litlig hj\u00e4lp kring viktminskningsprodukter, leverans och fakturor.\" \/>\n<meta property=\"og:url\" content=\"https:\/\/slimtrim.se\/en\/kundservice\/\" \/>\n<meta property=\"og:site_name\" content=\"Slim Trim\" \/>\n<meta property=\"article:modified_time\" content=\"2025-11-17T17:42:54+00:00\" \/>\n<meta property=\"og:image\" content=\"https:\/\/slimtrim.se\/wp-content\/uploads\/2025\/11\/weight-loss.webp\" \/>\n<meta name=\"twitter:card\" content=\"summary_large_image\" \/>\n<meta name=\"twitter:label1\" content=\"Est. reading time\" \/>\n\t<meta name=\"twitter:data1\" content=\"1 minute\" \/>\n<script type=\"application\/ld+json\" class=\"yoast-schema-graph\">{\"@context\":\"https:\/\/schema.org\",\"@graph\":[{\"@type\":\"WebPage\",\"@id\":\"https:\/\/slimtrim.se\/kundservice\/\",\"url\":\"https:\/\/slimtrim.se\/kundservice\/\",\"name\":\"Kundservice - Slim Trim\",\"isPartOf\":{\"@id\":\"https:\/\/slimtrim.se\/#website\"},\"primaryImageOfPage\":{\"@id\":\"https:\/\/slimtrim.se\/kundservice\/#primaryimage\"},\"image\":{\"@id\":\"https:\/\/slimtrim.se\/kundservice\/#primaryimage\"},\"thumbnailUrl\":\"https:\/\/slimtrim.se\/wp-content\/uploads\/2025\/11\/weight-loss.webp\",\"datePublished\":\"2024-03-22T12:32:21+00:00\",\"dateModified\":\"2025-11-17T17:42:54+00:00\",\"description\":\"Beh\u00f6ver du support? Slimtrim\u00ae Kundservice erbjuder snabb och p\u00e5litlig hj\u00e4lp kring viktminskningsprodukter, leverans och fakturor.\",\"breadcrumb\":{\"@id\":\"https:\/\/slimtrim.se\/kundservice\/#breadcrumb\"},\"inLanguage\":\"en-US\",\"potentialAction\":[{\"@type\":\"ReadAction\",\"target\":[\"https:\/\/slimtrim.se\/kundservice\/\"]}]},{\"@type\":\"ImageObject\",\"inLanguage\":\"en-US\",\"@id\":\"https:\/\/slimtrim.se\/kundservice\/#primaryimage\",\"url\":\"https:\/\/slimtrim.se\/wp-content\/uploads\/2025\/11\/weight-loss.webp\",\"contentUrl\":\"https:\/\/slimtrim.se\/wp-content\/uploads\/2025\/11\/weight-loss.webp\"},{\"@type\":\"BreadcrumbList\",\"@id\":\"https:\/\/slimtrim.se\/kundservice\/#breadcrumb\",\"itemListElement\":[{\"@type\":\"ListItem\",\"position\":1,\"name\":\"Home\",\"item\":\"https:\/\/slimtrim.se\/\"},{\"@type\":\"ListItem\",\"position\":2,\"name\":\"Kundservice\"}]},{\"@type\":\"WebSite\",\"@id\":\"https:\/\/slimtrim.se\/#website\",\"url\":\"https:\/\/slimtrim.se\/\",\"name\":\"Slim Trim\",\"description\":\"\",\"potentialAction\":[{\"@type\":\"SearchAction\",\"target\":{\"@type\":\"EntryPoint\",\"urlTemplate\":\"https:\/\/slimtrim.se\/?s={search_term_string}\"},\"query-input\":{\"@type\":\"PropertyValueSpecification\",\"valueRequired\":true,\"valueName\":\"search_term_string\"}}],\"inLanguage\":\"en-US\"}]}<\/script>\n<!-- \/ Yoast SEO plugin. -->","yoast_head_json":{"title":"Kundservice - Slim Trim","description":"Beh\u00f6ver du support? Slimtrim\u00ae Kundservice erbjuder snabb och p\u00e5litlig hj\u00e4lp kring viktminskningsprodukter, leverans och fakturor.","robots":{"index":"index","follow":"follow","max-snippet":"max-snippet:-1","max-image-preview":"max-image-preview:large","max-video-preview":"max-video-preview:-1"},"canonical":"https:\/\/slimtrim.se\/en\/kundservice\/","og_locale":"en_US","og_type":"article","og_title":"Kundservice - Slim Trim","og_description":"Beh\u00f6ver du support? Slimtrim\u00ae Kundservice erbjuder snabb och p\u00e5litlig hj\u00e4lp kring viktminskningsprodukter, leverans och fakturor.","og_url":"https:\/\/slimtrim.se\/en\/kundservice\/","og_site_name":"Slim Trim","article_modified_time":"2025-11-17T17:42:54+00:00","og_image":[{"url":"https:\/\/slimtrim.se\/wp-content\/uploads\/2025\/11\/weight-loss.webp","type":"","width":"","height":""}],"twitter_card":"summary_large_image","twitter_misc":{"Est. reading time":"1 minute"},"schema":{"@context":"https:\/\/schema.org","@graph":[{"@type":"WebPage","@id":"https:\/\/slimtrim.se\/kundservice\/","url":"https:\/\/slimtrim.se\/kundservice\/","name":"Kundservice - Slim Trim","isPartOf":{"@id":"https:\/\/slimtrim.se\/#website"},"primaryImageOfPage":{"@id":"https:\/\/slimtrim.se\/kundservice\/#primaryimage"},"image":{"@id":"https:\/\/slimtrim.se\/kundservice\/#primaryimage"},"thumbnailUrl":"https:\/\/slimtrim.se\/wp-content\/uploads\/2025\/11\/weight-loss.webp","datePublished":"2024-03-22T12:32:21+00:00","dateModified":"2025-11-17T17:42:54+00:00","description":"Beh\u00f6ver du support? Slimtrim\u00ae Kundservice erbjuder snabb och p\u00e5litlig hj\u00e4lp kring viktminskningsprodukter, leverans och fakturor.","breadcrumb":{"@id":"https:\/\/slimtrim.se\/kundservice\/#breadcrumb"},"inLanguage":"en-US","potentialAction":[{"@type":"ReadAction","target":["https:\/\/slimtrim.se\/kundservice\/"]}]},{"@type":"ImageObject","inLanguage":"en-US","@id":"https:\/\/slimtrim.se\/kundservice\/#primaryimage","url":"https:\/\/slimtrim.se\/wp-content\/uploads\/2025\/11\/weight-loss.webp","contentUrl":"https:\/\/slimtrim.se\/wp-content\/uploads\/2025\/11\/weight-loss.webp"},{"@type":"BreadcrumbList","@id":"https:\/\/slimtrim.se\/kundservice\/#breadcrumb","itemListElement":[{"@type":"ListItem","position":1,"name":"Home","item":"https:\/\/slimtrim.se\/"},{"@type":"ListItem","position":2,"name":"Kundservice"}]},{"@type":"WebSite","@id":"https:\/\/slimtrim.se\/#website","url":"https:\/\/slimtrim.se\/","name":"Slim Trim","description":"","potentialAction":[{"@type":"SearchAction","target":{"@type":"EntryPoint","urlTemplate":"https:\/\/slimtrim.se\/?s={search_term_string}"},"query-input":{"@type":"PropertyValueSpecification","valueRequired":true,"valueName":"search_term_string"}}],"inLanguage":"en-US"}]}},"_hostinger_reach_plugin_has_subscription_block":false,"_hostinger_reach_plugin_is_elementor":false,"_links":{"self":[{"href":"https:\/\/slimtrim.se\/en\/wp-json\/wp\/v2\/pages\/17","targetHints":{"allow":["GET"]}}],"collection":[{"href":"https:\/\/slimtrim.se\/en\/wp-json\/wp\/v2\/pages"}],"about":[{"href":"https:\/\/slimtrim.se\/en\/wp-json\/wp\/v2\/types\/page"}],"author":[{"embeddable":true,"href":"https:\/\/slimtrim.se\/en\/wp-json\/wp\/v2\/users\/2"}],"replies":[{"embeddable":true,"href":"https:\/\/slimtrim.se\/en\/wp-json\/wp\/v2\/comments?post=17"}],"version-history":[{"count":7,"href":"https:\/\/slimtrim.se\/en\/wp-json\/wp\/v2\/pages\/17\/revisions"}],"predecessor-version":[{"id":1421,"href":"https:\/\/slimtrim.se\/en\/wp-json\/wp\/v2\/pages\/17\/revisions\/1421"}],"wp:attachment":[{"href":"https:\/\/slimtrim.se\/en\/wp-json\/wp\/v2\/media?parent=17"}],"curies":[{"name":"wp","href":"https:\/\/api.w.org\/{rel}","templated":true}]}}