{"id":1371,"date":"2025-11-07T21:07:41","date_gmt":"2025-11-07T21:07:41","guid":{"rendered":"https:\/\/slimtrim.se\/?page_id=1371"},"modified":"2025-11-17T17:35:22","modified_gmt":"2025-11-17T17:35:22","slug":"anvandning","status":"publish","type":"page","link":"https:\/\/slimtrim.se\/en\/anvandning\/","title":{"rendered":"Usage"},"content":{"rendered":"<div data-elementor-type=\"wp-page\" data-elementor-id=\"1371\" class=\"elementor elementor-1371\">\n\t\t\t\t<div class=\"wd-negative-gap elementor-element elementor-element-580ed39f e-flex e-con-boxed e-con e-parent\" data-id=\"580ed39f\" data-element_type=\"container\">\n\t\t\t\t\t<div class=\"e-con-inner\">\n\t\t<div class=\"elementor-element elementor-element-65a391a8 e-con-full e-flex e-con e-child\" data-id=\"65a391a8\" data-element_type=\"container\" data-settings=\"{&quot;background_background&quot;:&quot;classic&quot;}\">\n\t\t\t\t<div class=\"elementor-element elementor-element-1daaeb2 elementor-widget elementor-widget-image\" data-id=\"1daaeb2\" data-element_type=\"widget\" data-widget_type=\"image.default\">\n\t\t\t\t\t\t\t\t\t\t\t\t\t\t\t<img fetchpriority=\"high\" decoding=\"async\" width=\"885\" height=\"1024\" src=\"https:\/\/slimtrim.se\/wp-content\/uploads\/2025\/10\/Retatruitide-5mg-Image-1-885x1024.webp\" class=\"attachment-large size-large wp-image-1284\" alt=\"Retatruitide 5mg\" srcset=\"https:\/\/slimtrim.se\/wp-content\/uploads\/2025\/10\/Retatruitide-5mg-Image-1-885x1024.webp 885w, https:\/\/slimtrim.se\/wp-content\/uploads\/2025\/10\/Retatruitide-5mg-Image-1-259x300.webp 259w, https:\/\/slimtrim.se\/wp-content\/uploads\/2025\/10\/Retatruitide-5mg-Image-1-768x889.webp 768w, https:\/\/slimtrim.se\/wp-content\/uploads\/2025\/10\/Retatruitide-5mg-Image-1-1327x1536.webp 1327w, https:\/\/slimtrim.se\/wp-content\/uploads\/2025\/10\/Retatruitide-5mg-Image-1-1200x1389.webp 1200w, https:\/\/slimtrim.se\/wp-content\/uploads\/2025\/10\/Retatruitide-5mg-Image-1-150x174.webp 150w, https:\/\/slimtrim.se\/wp-content\/uploads\/2025\/10\/Retatruitide-5mg-Image-1.webp 1384w\" sizes=\"(max-width: 885px) 100vw, 885px\" \/>\t\t\t\t\t\t\t\t\t\t\t\t\t\t\t<\/div>\n\t\t\t\t<\/div>\n\t\t<div class=\"elementor-element elementor-element-286246bd e-con-full e-flex e-con e-child\" data-id=\"286246bd\" data-element_type=\"container\">\n\t\t\t\t<div class=\"elementor-element elementor-element-7cb0af78 color-scheme-inherit text-left elementor-widget elementor-widget-text-editor\" data-id=\"7cb0af78\" data-element_type=\"widget\" data-widget_type=\"text-editor.default\">\n\t\t\t\t\t\t\t\t\t<h2>How do you take Ozempic, Mounjaro, and Retatrutid?<\/h2>\n<p>All of these drugs are administered through <b>subcutaneous injection<\/b>, which means that the drug is injected under the skin instead of into a muscle or vein.<\/p>\n<p>This method is often used for hormones and insulin because it provides a slower and more controlled release into the body. The injection is usually very <b>mild and almost painless<\/b>.<\/p>\n\n<h3>How to give a subcutaneous injection<\/h3>\n<ol>\n  <li>Wash your hands thoroughly with soap and water.<\/li>\n  <li>Clean the injection site with an alcohol swab and allow it to dry.<\/li>\n  <li>Prepare the syringe by measuring out the correct dose.<\/li>\n  <li>Gently pinch the skin between your thumb and index finger to create a skin fold.<\/li>\n  <li>Carefully insert the needle into the skin, either in <b>45\u00b0<\/b> or <b>90\u00b0<\/b> angle.<\/li>\n  <li>Slowly push down the plunger to inject the medicine.<\/li>\n  <li>Pull out the needle and gently press the area with a clean cotton swab if necessary.<\/li>\n<\/ol>\n\n<p>After the injection, you can continue with your day as usual.<\/p>\n\t\t\t\t\t\t\t\t<\/div>\n\t\t\t\t<\/div>\n\t\t\t\t\t<\/div>\n\t\t\t\t<\/div>\n\t\t<div class=\"wd-negative-gap elementor-element elementor-element-33850824 e-flex e-con-boxed e-con e-parent\" data-id=\"33850824\" data-element_type=\"container\">\n\t\t\t\t\t<div class=\"e-con-inner\">\n\t\t\t\t<div class=\"elementor-element elementor-element-5c9df5a4 elementor-widget elementor-widget-heading\" data-id=\"5c9df5a4\" data-element_type=\"widget\" data-widget_type=\"heading.default\">\n\t\t\t\t\t<h2 class=\"elementor-heading-title elementor-size-default\">Anything you're wondering about?<\/h2>\t\t\t\t<\/div>\n\t\t\t\t<div class=\"elementor-element elementor-element-6e31e9d elementor-widget elementor-widget-button\" data-id=\"6e31e9d\" data-element_type=\"widget\" data-widget_type=\"button.default\">\n\t\t\t\t\t\t\t\t\t\t<a class=\"elementor-button elementor-button-link elementor-size-sm\" href=\"\/en\/kundservice\/\">\n\t\t\t\t\t\t<span class=\"elementor-button-content-wrapper\">\n\t\t\t\t\t\t\t\t\t<span class=\"elementor-button-text\">Customer service<\/span>\n\t\t\t\t\t<\/span>\n\t\t\t\t\t<\/a>\n\t\t\t\t\t\t\t\t<\/div>\n\t\t\t\t\t<\/div>\n\t\t\t\t<\/div>\n\t\t\t\t<\/div>","protected":false},"excerpt":{"rendered":"<p>Hur intar man Ozempic, Mounjaro och Retatrutid? Alla dessa l\u00e4kemedel administreras genom subkutan injektion, vilket inneb\u00e4r att l\u00e4kemedlet injiceras under<\/p>","protected":false},"author":2,"featured_media":0,"parent":0,"menu_order":0,"comment_status":"closed","ping_status":"closed","template":"","meta":{"footnotes":""},"class_list":["post-1371","page","type-page","status-publish","hentry"],"yoast_head":"<!-- This site is optimized with the Yoast SEO plugin v26.4 - https:\/\/yoast.com\/wordpress\/plugins\/seo\/ -->\n<title>Anv\u00e4ndning - Slim Trim<\/title>\n<meta name=\"description\" content=\"L\u00e4r dig hur du anv\u00e4nder Slimtrim\u00ae \u2013 komplett guide f\u00f6r dosering, tidpunkt och f\u00f6rebyggande av biverkningar. Uppt\u00e4ck hur du f\u00e5r b\u00e4sta resultat.\" \/>\n<meta name=\"robots\" content=\"index, follow, max-snippet:-1, max-image-preview:large, max-video-preview:-1\" \/>\n<link rel=\"canonical\" href=\"https:\/\/slimtrim.se\/en\/anvandning\/\" \/>\n<meta property=\"og:locale\" content=\"en_US\" \/>\n<meta property=\"og:type\" content=\"article\" \/>\n<meta property=\"og:title\" content=\"Anv\u00e4ndning - Slim Trim\" \/>\n<meta property=\"og:description\" content=\"L\u00e4r dig hur du anv\u00e4nder Slimtrim\u00ae \u2013 komplett guide f\u00f6r dosering, tidpunkt och f\u00f6rebyggande av biverkningar. Uppt\u00e4ck hur du f\u00e5r b\u00e4sta resultat.\" \/>\n<meta property=\"og:url\" content=\"https:\/\/slimtrim.se\/en\/anvandning\/\" \/>\n<meta property=\"og:site_name\" content=\"Slim Trim\" \/>\n<meta property=\"article:modified_time\" content=\"2025-11-17T17:35:22+00:00\" \/>\n<meta property=\"og:image\" content=\"https:\/\/slimtrim.se\/wp-content\/uploads\/2025\/10\/Retatruitide-5mg-Image-1-885x1024.webp\" \/>\n<meta name=\"twitter:card\" content=\"summary_large_image\" \/>\n<meta name=\"twitter:label1\" content=\"Est. reading time\" \/>\n\t<meta name=\"twitter:data1\" content=\"1 minute\" \/>\n<script type=\"application\/ld+json\" class=\"yoast-schema-graph\">{\"@context\":\"https:\/\/schema.org\",\"@graph\":[{\"@type\":\"WebPage\",\"@id\":\"https:\/\/slimtrim.se\/anvandning\/\",\"url\":\"https:\/\/slimtrim.se\/anvandning\/\",\"name\":\"Anv\u00e4ndning - Slim Trim\",\"isPartOf\":{\"@id\":\"https:\/\/slimtrim.se\/#website\"},\"primaryImageOfPage\":{\"@id\":\"https:\/\/slimtrim.se\/anvandning\/#primaryimage\"},\"image\":{\"@id\":\"https:\/\/slimtrim.se\/anvandning\/#primaryimage\"},\"thumbnailUrl\":\"https:\/\/slimtrim.se\/wp-content\/uploads\/2025\/10\/Retatruitide-5mg-Image-1-885x1024.webp\",\"datePublished\":\"2025-11-07T21:07:41+00:00\",\"dateModified\":\"2025-11-17T17:35:22+00:00\",\"description\":\"L\u00e4r dig hur du anv\u00e4nder Slimtrim\u00ae \u2013 komplett guide f\u00f6r dosering, tidpunkt och f\u00f6rebyggande av biverkningar. Uppt\u00e4ck hur du f\u00e5r b\u00e4sta resultat.\",\"breadcrumb\":{\"@id\":\"https:\/\/slimtrim.se\/anvandning\/#breadcrumb\"},\"inLanguage\":\"en-US\",\"potentialAction\":[{\"@type\":\"ReadAction\",\"target\":[\"https:\/\/slimtrim.se\/anvandning\/\"]}]},{\"@type\":\"ImageObject\",\"inLanguage\":\"en-US\",\"@id\":\"https:\/\/slimtrim.se\/anvandning\/#primaryimage\",\"url\":\"https:\/\/slimtrim.se\/wp-content\/uploads\/2025\/10\/Retatruitide-5mg-Image-1-885x1024.webp\",\"contentUrl\":\"https:\/\/slimtrim.se\/wp-content\/uploads\/2025\/10\/Retatruitide-5mg-Image-1-885x1024.webp\"},{\"@type\":\"BreadcrumbList\",\"@id\":\"https:\/\/slimtrim.se\/anvandning\/#breadcrumb\",\"itemListElement\":[{\"@type\":\"ListItem\",\"position\":1,\"name\":\"Home\",\"item\":\"https:\/\/slimtrim.se\/\"},{\"@type\":\"ListItem\",\"position\":2,\"name\":\"Anv\u00e4ndning\"}]},{\"@type\":\"WebSite\",\"@id\":\"https:\/\/slimtrim.se\/#website\",\"url\":\"https:\/\/slimtrim.se\/\",\"name\":\"Slim Trim\",\"description\":\"\",\"potentialAction\":[{\"@type\":\"SearchAction\",\"target\":{\"@type\":\"EntryPoint\",\"urlTemplate\":\"https:\/\/slimtrim.se\/?s={search_term_string}\"},\"query-input\":{\"@type\":\"PropertyValueSpecification\",\"valueRequired\":true,\"valueName\":\"search_term_string\"}}],\"inLanguage\":\"en-US\"}]}<\/script>\n<!-- \/ Yoast SEO plugin. -->","yoast_head_json":{"title":"Anv\u00e4ndning - Slim Trim","description":"L\u00e4r dig hur du anv\u00e4nder Slimtrim\u00ae \u2013 komplett guide f\u00f6r dosering, tidpunkt och f\u00f6rebyggande av biverkningar. Uppt\u00e4ck hur du f\u00e5r b\u00e4sta resultat.","robots":{"index":"index","follow":"follow","max-snippet":"max-snippet:-1","max-image-preview":"max-image-preview:large","max-video-preview":"max-video-preview:-1"},"canonical":"https:\/\/slimtrim.se\/en\/anvandning\/","og_locale":"en_US","og_type":"article","og_title":"Anv\u00e4ndning - Slim Trim","og_description":"L\u00e4r dig hur du anv\u00e4nder Slimtrim\u00ae \u2013 komplett guide f\u00f6r dosering, tidpunkt och f\u00f6rebyggande av biverkningar. Uppt\u00e4ck hur du f\u00e5r b\u00e4sta resultat.","og_url":"https:\/\/slimtrim.se\/en\/anvandning\/","og_site_name":"Slim Trim","article_modified_time":"2025-11-17T17:35:22+00:00","og_image":[{"url":"https:\/\/slimtrim.se\/wp-content\/uploads\/2025\/10\/Retatruitide-5mg-Image-1-885x1024.webp","type":"","width":"","height":""}],"twitter_card":"summary_large_image","twitter_misc":{"Est. reading time":"1 minute"},"schema":{"@context":"https:\/\/schema.org","@graph":[{"@type":"WebPage","@id":"https:\/\/slimtrim.se\/anvandning\/","url":"https:\/\/slimtrim.se\/anvandning\/","name":"Anv\u00e4ndning - Slim Trim","isPartOf":{"@id":"https:\/\/slimtrim.se\/#website"},"primaryImageOfPage":{"@id":"https:\/\/slimtrim.se\/anvandning\/#primaryimage"},"image":{"@id":"https:\/\/slimtrim.se\/anvandning\/#primaryimage"},"thumbnailUrl":"https:\/\/slimtrim.se\/wp-content\/uploads\/2025\/10\/Retatruitide-5mg-Image-1-885x1024.webp","datePublished":"2025-11-07T21:07:41+00:00","dateModified":"2025-11-17T17:35:22+00:00","description":"L\u00e4r dig hur du anv\u00e4nder Slimtrim\u00ae \u2013 komplett guide f\u00f6r dosering, tidpunkt och f\u00f6rebyggande av biverkningar. Uppt\u00e4ck hur du f\u00e5r b\u00e4sta resultat.","breadcrumb":{"@id":"https:\/\/slimtrim.se\/anvandning\/#breadcrumb"},"inLanguage":"en-US","potentialAction":[{"@type":"ReadAction","target":["https:\/\/slimtrim.se\/anvandning\/"]}]},{"@type":"ImageObject","inLanguage":"en-US","@id":"https:\/\/slimtrim.se\/anvandning\/#primaryimage","url":"https:\/\/slimtrim.se\/wp-content\/uploads\/2025\/10\/Retatruitide-5mg-Image-1-885x1024.webp","contentUrl":"https:\/\/slimtrim.se\/wp-content\/uploads\/2025\/10\/Retatruitide-5mg-Image-1-885x1024.webp"},{"@type":"BreadcrumbList","@id":"https:\/\/slimtrim.se\/anvandning\/#breadcrumb","itemListElement":[{"@type":"ListItem","position":1,"name":"Home","item":"https:\/\/slimtrim.se\/"},{"@type":"ListItem","position":2,"name":"Anv\u00e4ndning"}]},{"@type":"WebSite","@id":"https:\/\/slimtrim.se\/#website","url":"https:\/\/slimtrim.se\/","name":"Slim Trim","description":"","potentialAction":[{"@type":"SearchAction","target":{"@type":"EntryPoint","urlTemplate":"https:\/\/slimtrim.se\/?s={search_term_string}"},"query-input":{"@type":"PropertyValueSpecification","valueRequired":true,"valueName":"search_term_string"}}],"inLanguage":"en-US"}]}},"_hostinger_reach_plugin_has_subscription_block":false,"_hostinger_reach_plugin_is_elementor":false,"_links":{"self":[{"href":"https:\/\/slimtrim.se\/en\/wp-json\/wp\/v2\/pages\/1371","targetHints":{"allow":["GET"]}}],"collection":[{"href":"https:\/\/slimtrim.se\/en\/wp-json\/wp\/v2\/pages"}],"about":[{"href":"https:\/\/slimtrim.se\/en\/wp-json\/wp\/v2\/types\/page"}],"author":[{"embeddable":true,"href":"https:\/\/slimtrim.se\/en\/wp-json\/wp\/v2\/users\/2"}],"replies":[{"embeddable":true,"href":"https:\/\/slimtrim.se\/en\/wp-json\/wp\/v2\/comments?post=1371"}],"version-history":[{"count":13,"href":"https:\/\/slimtrim.se\/en\/wp-json\/wp\/v2\/pages\/1371\/revisions"}],"predecessor-version":[{"id":1394,"href":"https:\/\/slimtrim.se\/en\/wp-json\/wp\/v2\/pages\/1371\/revisions\/1394"}],"wp:attachment":[{"href":"https:\/\/slimtrim.se\/en\/wp-json\/wp\/v2\/media?parent=1371"}],"curies":[{"name":"wp","href":"https:\/\/api.w.org\/{rel}","templated":true}]}}